{"id":1428,"date":"2023-08-21T16:45:23","date_gmt":"2023-08-21T14:45:23","guid":{"rendered":"https:\/\/www.caveaze.com\/general-sales-conditions\/"},"modified":"2026-01-21T15:08:43","modified_gmt":"2026-01-21T14:08:43","slug":"general-sales-conditions","status":"publish","type":"page","link":"https:\/\/www.caveaze.com\/en\/general-sales-conditions\/","title":{"rendered":"GENERAL SALES CONDITIONS"},"content":{"rendered":"\t\t<div data-elementor-type=\"wp-page\" data-elementor-id=\"1428\" class=\"elementor elementor-1428 elementor-54\" data-elementor-post-type=\"page\">\n\t\t\t\t\t\t<section class=\"elementor-section elementor-top-section elementor-element elementor-element-7ecf73a elementor-section-boxed elementor-section-height-default elementor-section-height-default\" data-id=\"7ecf73a\" data-element_type=\"section\">\n\t\t\t\t\t\t<div class=\"elementor-container elementor-column-gap-default\">\n\t\t\t\t\t<div class=\"elementor-column elementor-col-100 elementor-top-column elementor-element elementor-element-a875d5b\" data-id=\"a875d5b\" data-element_type=\"column\">\n\t\t\t<div class=\"elementor-widget-wrap elementor-element-populated\">\n\t\t\t\t\t\t<div class=\"elementor-element elementor-element-eb6e41a elementor-widget elementor-widget-text-editor\" data-id=\"eb6e41a\" data-element_type=\"widget\" data-widget_type=\"text-editor.default\">\n\t\t\t\t<div class=\"elementor-widget-container\">\n\t\t\t\t\t\t\t\t\t<h2>Article 1 : Field of application<\/h2>\n<p>These general sales conditions are applicable to any and all orders placed through correspondence on the CAVE D\u2019AZE website.<br \/>The client recognizes having taken into consideration and accepting all general sales terms and conditions.<\/p>\n<h2>Article 2 : Order<\/h2>\n<p>LA CAVE D\u2019AZE pledges to accept any order done within the terms of the current sales terms and conditions.<br \/>Offers are only available until supply lasts<br \/>If sold out, LA CAVE D\u2019AZE will update the client on how long the wait would be for the desired product and will offer a replacement product. With the clients agreement, la CAVE D\u2019AZE will change the order, or will issue a refund for the unavailable product(s).<br \/>Toute commande est accept\u00e9e sous r\u00e9serve de son r\u00e8glement.<br \/>LA CAVE D\u2019AZE reserves the right to cancel any order, non conforming or unreliable, as well as any orders by clients with ongoing legal disputes.<br \/>Minimum of 12 boxes per order, each box contains 6 bottles with possibility to mix and match<br \/>Shipping to metropolitan france only<\/p>\n<h2>Article 3 : Price<\/h2>\n<p>Our prices are in euros, with all taxes included in metropolitan France The indicate prices are net prices with shipping prices included.<\/p>\n<h2>Article 4: Payment conditions<\/h2>\n<div>Payment can be made via check or by card. An invoice will be sent by LA CAVE D\u2019AZE to the client at their billing address.<\/p>\n<p>The wines remain property of LA CAVE D\u2019AZE until all invoices have been completely paid.<br \/>Payments by card will be processed through the PAYBOX system from Credit Agricole. The payment is immediately taken from the account.<\/p>\n<h2>Article 5: Shipping<\/h2>\n<p>Wines are shipping in boxes of 6.<br \/>LE CAVE D\u2019AZE pledges to organize everything as to get orders out as quickly as possible.<br \/>The order is shipped to the address chosen by the client. It is important to add your phone number to be able to schedule the delivery.<br \/>It is the client\u2019s responsibility to inspect the merchandise upon arrival and tell the driver if there are any damaged bottles.<\/p>\n<h2>Article 6 : Return policy<\/h2>\n<p>In article L 121-20 of the \u201ccode de la consommation\u201d (consomation code) it is stated that the buyer disposes of a 7 day window to return any merchandise for either an exchange or a refund, without extra charges outside of shipping fees. Returns can be processed at LA CAVE D\u2019AZE &#8211; 513 rue basse &#8211; 71260 AZE. LA CAVE D\u2019AZE pledges to refund the client, minus the shipping fees, which remain his responsibility with a delay of 30 days after arrival of return product.<\/p>\n<h2>Article 7: Personal Data<\/h2>\n<p>Creating an account on the LA CAVE D\u2019AZE website requires the client to communicate certain personal information. These are necessary to the fulfillment of the order and the inner workings of LA CAVE D\u2019AZE with their clients. Any information shared is within a secure server, kept confidential and are not used commercially by a third party.<br \/>Conforming with the General regulations of data protections utilized by the european parliament on april 14th, 2016, and with the informatics and liberties law of january 6th 1978 modified, the client disposes the right to modify and take back any and all information nominative concerning them.<\/p>\n<h2>Article 8: Author\u2019s rights<\/h2>\n<p>Conforming with the french law n\u00b0 98-536 from july 1st, 1998 of the directive 96\/9\/CE from march 11th, 1996 concerning judicial protection of the databases composing the current website.<br \/>All data figuring on this website (texts, images, graphics, logos, icons) are protected by author\u2019s rights and can not, under any circumstances, be used in or on anything not owned by LA CAVE D\u2019AZE without direct permission.<\/p>\n<h2>Article 9: Minor protection<\/h2>\n<p>Conforming to article L.3342-1 of the code for French Public Health that states that selling alcohol to a minor under 18 years old is illegal, the buyer recognizes that he is 18yrs or more when ordering.<\/p>\n<h2>Article 10: Applicable law<\/h2>\n<p>The current contract is in the french language.<br \/>All clauses in the current terms and conditions, all transactions and buying operations handled on the CAVE D\u2019AZE website are governed by french law.<br \/>Any legal disputes that can not find an amicable solution will be up to the Tribunals of the social chair of LA CAVE D\u2019AZE.<\/p>\n<p><em><strong>Overconsumption of alcohol is dangerous. Drink responsibly.<\/strong><\/em><\/p>\n<\/div>\n\t\t\t\t\t\t\t\t<\/div>\n\t\t\t\t<\/div>\n\t\t\t\t\t<\/div>\n\t\t<\/div>\n\t\t\t\t\t<\/div>\n\t\t<\/section>\n\t\t\t\t<\/div>\n\t\t","protected":false},"excerpt":{"rendered":"<p>Article 1 : Field of application These general sales conditions are applicable to any and all orders placed through correspondence on the CAVE D\u2019AZE website.The client recognizes having taken into consideration and accepting all general sales terms and conditions. Article 2 : Order LA CAVE D\u2019AZE pledges to accept any order done within the terms [&#8230;]<\/p>\n<p><a class=\"btn btn-secondary understrap-read-more-link\" href=\"https:\/\/www.caveaze.com\/en\/general-sales-conditions\/\">Read More&#8230;<span class=\"screen-reader-text\"> from GENERAL SALES CONDITIONS<\/span><\/a><\/p>\n","protected":false},"author":1,"featured_media":0,"parent":0,"menu_order":10,"comment_status":"closed","ping_status":"closed","template":"","meta":{"_acf_changed":false,"inline_featured_image":false,"footnotes":""},"class_list":["post-1428","page","type-page","status-publish","hentry"],"acf":[],"yoast_head":"<!-- This site is optimized with the Yoast SEO plugin v27.5 - https:\/\/yoast.com\/product\/yoast-seo-wordpress\/ -->\n<title>GENERAL SALES CONDITIONS - Cave d&#039;Az\u00e9<\/title>\n<meta name=\"robots\" content=\"noindex, nofollow\" \/>\n<meta property=\"og:locale\" content=\"en_US\" \/>\n<meta property=\"og:type\" content=\"article\" \/>\n<meta property=\"og:title\" content=\"GENERAL SALES CONDITIONS - Cave d&#039;Az\u00e9\" \/>\n<meta property=\"og:description\" content=\"Article 1 : Field of application These general sales conditions are applicable to any and all orders placed through correspondence on the CAVE D\u2019AZE website.The client recognizes having taken into consideration and accepting all general sales terms and conditions. Article 2 : Order LA CAVE D\u2019AZE pledges to accept any order done within the terms [...]Read More... from GENERAL SALES CONDITIONS\" \/>\n<meta property=\"og:url\" content=\"https:\/\/www.caveaze.com\/en\/general-sales-conditions\/\" \/>\n<meta property=\"og:site_name\" content=\"Cave d&#039;Az\u00e9\" \/>\n<meta property=\"article:publisher\" content=\"https:\/\/www.facebook.com\/CaveCooperativeAze\" \/>\n<meta property=\"article:modified_time\" content=\"2026-01-21T14:08:43+00:00\" \/>\n<meta name=\"twitter:card\" content=\"summary_large_image\" \/>\n<meta name=\"twitter:label1\" content=\"Est. reading time\" \/>\n\t<meta name=\"twitter:data1\" content=\"4 minutes\" \/>\n<script type=\"application\/ld+json\" class=\"yoast-schema-graph\">{\"@context\":\"https:\\\/\\\/schema.org\",\"@graph\":[{\"@type\":\"WebPage\",\"@id\":\"https:\\\/\\\/www.caveaze.com\\\/en\\\/general-sales-conditions\\\/\",\"url\":\"https:\\\/\\\/www.caveaze.com\\\/en\\\/general-sales-conditions\\\/\",\"name\":\"GENERAL SALES CONDITIONS - Cave d&#039;Az\u00e9\",\"isPartOf\":{\"@id\":\"https:\\\/\\\/www.caveaze.com\\\/en\\\/#website\"},\"datePublished\":\"2023-08-21T14:45:23+00:00\",\"dateModified\":\"2026-01-21T14:08:43+00:00\",\"breadcrumb\":{\"@id\":\"https:\\\/\\\/www.caveaze.com\\\/en\\\/general-sales-conditions\\\/#breadcrumb\"},\"inLanguage\":\"en-US\",\"potentialAction\":[{\"@type\":\"ReadAction\",\"target\":[\"https:\\\/\\\/www.caveaze.com\\\/en\\\/general-sales-conditions\\\/\"]}]},{\"@type\":\"BreadcrumbList\",\"@id\":\"https:\\\/\\\/www.caveaze.com\\\/en\\\/general-sales-conditions\\\/#breadcrumb\",\"itemListElement\":[{\"@type\":\"ListItem\",\"position\":1,\"name\":\"Home\",\"item\":\"https:\\\/\\\/www.caveaze.com\\\/en\\\/\"},{\"@type\":\"ListItem\",\"position\":2,\"name\":\"GENERAL SALES CONDITIONS\"}]},{\"@type\":\"WebSite\",\"@id\":\"https:\\\/\\\/www.caveaze.com\\\/en\\\/#website\",\"url\":\"https:\\\/\\\/www.caveaze.com\\\/en\\\/\",\"name\":\"Cave d'Az\u00e9\",\"description\":\"Au coeur  du vignoble m\u00e2connais\",\"publisher\":{\"@id\":\"https:\\\/\\\/www.caveaze.com\\\/en\\\/#organization\"},\"potentialAction\":[{\"@type\":\"SearchAction\",\"target\":{\"@type\":\"EntryPoint\",\"urlTemplate\":\"https:\\\/\\\/www.caveaze.com\\\/en\\\/?s={search_term_string}\"},\"query-input\":{\"@type\":\"PropertyValueSpecification\",\"valueRequired\":true,\"valueName\":\"search_term_string\"}}],\"inLanguage\":\"en-US\"},{\"@type\":\"Organization\",\"@id\":\"https:\\\/\\\/www.caveaze.com\\\/en\\\/#organization\",\"name\":\"Cave d'Az\u00e9\",\"url\":\"https:\\\/\\\/www.caveaze.com\\\/en\\\/\",\"logo\":{\"@type\":\"ImageObject\",\"inLanguage\":\"en-US\",\"@id\":\"https:\\\/\\\/www.caveaze.com\\\/en\\\/#\\\/schema\\\/logo\\\/image\\\/\",\"url\":\"https:\\\/\\\/www.caveaze.com\\\/wp-content\\\/uploads\\\/2023\\\/08\\\/logo-cave-Aze.svg\",\"contentUrl\":\"https:\\\/\\\/www.caveaze.com\\\/wp-content\\\/uploads\\\/2023\\\/08\\\/logo-cave-Aze.svg\",\"width\":627,\"height\":179,\"caption\":\"Cave d'Az\u00e9\"},\"image\":{\"@id\":\"https:\\\/\\\/www.caveaze.com\\\/en\\\/#\\\/schema\\\/logo\\\/image\\\/\"},\"sameAs\":[\"https:\\\/\\\/www.facebook.com\\\/CaveCooperativeAze\"]}]}<\/script>\n<!-- \/ Yoast SEO plugin. -->","yoast_head_json":{"title":"GENERAL SALES CONDITIONS - Cave d&#039;Az\u00e9","robots":{"index":"noindex","follow":"nofollow"},"og_locale":"en_US","og_type":"article","og_title":"GENERAL SALES CONDITIONS - Cave d&#039;Az\u00e9","og_description":"Article 1 : Field of application These general sales conditions are applicable to any and all orders placed through correspondence on the CAVE D\u2019AZE website.The client recognizes having taken into consideration and accepting all general sales terms and conditions. Article 2 : Order LA CAVE D\u2019AZE pledges to accept any order done within the terms [...]Read More... from GENERAL SALES CONDITIONS","og_url":"https:\/\/www.caveaze.com\/en\/general-sales-conditions\/","og_site_name":"Cave d&#039;Az\u00e9","article_publisher":"https:\/\/www.facebook.com\/CaveCooperativeAze","article_modified_time":"2026-01-21T14:08:43+00:00","twitter_card":"summary_large_image","twitter_misc":{"Est. reading time":"4 minutes"},"schema":{"@context":"https:\/\/schema.org","@graph":[{"@type":"WebPage","@id":"https:\/\/www.caveaze.com\/en\/general-sales-conditions\/","url":"https:\/\/www.caveaze.com\/en\/general-sales-conditions\/","name":"GENERAL SALES CONDITIONS - Cave d&#039;Az\u00e9","isPartOf":{"@id":"https:\/\/www.caveaze.com\/en\/#website"},"datePublished":"2023-08-21T14:45:23+00:00","dateModified":"2026-01-21T14:08:43+00:00","breadcrumb":{"@id":"https:\/\/www.caveaze.com\/en\/general-sales-conditions\/#breadcrumb"},"inLanguage":"en-US","potentialAction":[{"@type":"ReadAction","target":["https:\/\/www.caveaze.com\/en\/general-sales-conditions\/"]}]},{"@type":"BreadcrumbList","@id":"https:\/\/www.caveaze.com\/en\/general-sales-conditions\/#breadcrumb","itemListElement":[{"@type":"ListItem","position":1,"name":"Home","item":"https:\/\/www.caveaze.com\/en\/"},{"@type":"ListItem","position":2,"name":"GENERAL SALES CONDITIONS"}]},{"@type":"WebSite","@id":"https:\/\/www.caveaze.com\/en\/#website","url":"https:\/\/www.caveaze.com\/en\/","name":"Cave d'Az\u00e9","description":"Au coeur  du vignoble m\u00e2connais","publisher":{"@id":"https:\/\/www.caveaze.com\/en\/#organization"},"potentialAction":[{"@type":"SearchAction","target":{"@type":"EntryPoint","urlTemplate":"https:\/\/www.caveaze.com\/en\/?s={search_term_string}"},"query-input":{"@type":"PropertyValueSpecification","valueRequired":true,"valueName":"search_term_string"}}],"inLanguage":"en-US"},{"@type":"Organization","@id":"https:\/\/www.caveaze.com\/en\/#organization","name":"Cave d'Az\u00e9","url":"https:\/\/www.caveaze.com\/en\/","logo":{"@type":"ImageObject","inLanguage":"en-US","@id":"https:\/\/www.caveaze.com\/en\/#\/schema\/logo\/image\/","url":"https:\/\/www.caveaze.com\/wp-content\/uploads\/2023\/08\/logo-cave-Aze.svg","contentUrl":"https:\/\/www.caveaze.com\/wp-content\/uploads\/2023\/08\/logo-cave-Aze.svg","width":627,"height":179,"caption":"Cave d'Az\u00e9"},"image":{"@id":"https:\/\/www.caveaze.com\/en\/#\/schema\/logo\/image\/"},"sameAs":["https:\/\/www.facebook.com\/CaveCooperativeAze"]}]}},"_links":{"self":[{"href":"https:\/\/www.caveaze.com\/en\/wp-json\/wp\/v2\/pages\/1428","targetHints":{"allow":["GET"]}}],"collection":[{"href":"https:\/\/www.caveaze.com\/en\/wp-json\/wp\/v2\/pages"}],"about":[{"href":"https:\/\/www.caveaze.com\/en\/wp-json\/wp\/v2\/types\/page"}],"author":[{"embeddable":true,"href":"https:\/\/www.caveaze.com\/en\/wp-json\/wp\/v2\/users\/1"}],"replies":[{"embeddable":true,"href":"https:\/\/www.caveaze.com\/en\/wp-json\/wp\/v2\/comments?post=1428"}],"version-history":[{"count":5,"href":"https:\/\/www.caveaze.com\/en\/wp-json\/wp\/v2\/pages\/1428\/revisions"}],"predecessor-version":[{"id":2070,"href":"https:\/\/www.caveaze.com\/en\/wp-json\/wp\/v2\/pages\/1428\/revisions\/2070"}],"wp:attachment":[{"href":"https:\/\/www.caveaze.com\/en\/wp-json\/wp\/v2\/media?parent=1428"}],"curies":[{"name":"wp","href":"https:\/\/api.w.org\/{rel}","templated":true}]}}